{"id":34719,"date":"2026-02-18T17:08:01","date_gmt":"2026-02-18T16:08:01","guid":{"rendered":"https:\/\/www.atsukomatano.fr\/?post_type=product&#038;p=34719"},"modified":"2026-03-21T14:12:40","modified_gmt":"2026-03-21T13:12:40","slug":"towel-clips-meme-colour-rred-wholesale","status":"publish","type":"product","link":"https:\/\/www.atsukomatano.fr\/en\/produit\/towel-clips-meme-colour-rred-wholesale\/","title":{"rendered":"Towel clips M\u00c9M\u00c9 colour R(red)*"},"content":{"rendered":"<p>Me\u0301me\u0301:100% Cotton; Knot: 53% Cotton, 47% Polyester ; Pad :100% Polyester; Ribbon :100% Polyester<\/p>\n<p><strong>Ribbon 27cm<\/strong><\/p>\n<p>Made in China<\/p>\n","protected":false},"excerpt":{"rendered":"<div class=\"page\" title=\"Page 12\">\n<div class=\"layoutArea\">\n<div class=\"column\">\n<hr \/>\n<p><span style=\"color: #808080;\">Go around your neck and clip onto any towel to hold it in place. This is a great alternative to a bib and to hold your baby\u2019s favorite toy. Adults can also make a loop to hang keys and cards in order not to lose them in bags.<\/span><\/p>\n<hr \/>\n<p>&nbsp;<\/p>\n<\/div>\n<\/div>\n<\/div>\n","protected":false},"featured_media":29132,"template":"","meta":[],"product_brand":[],"product_cat":[315],"product_tag":[],"class_list":{"0":"post-34719","1":"product","2":"type-product","3":"status-publish","4":"has-post-thumbnail","6":"product_cat-towel-clips","8":"first","9":"instock","10":"taxable","11":"shipping-taxable","12":"purchasable","13":"product-type-simple"},"yoast_head":"<!-- This site is optimized with the Yoast SEO plugin v27.1.1 - https:\/\/yoast.com\/product\/yoast-seo-wordpress\/ -->\n<title>Towel clips M\u00c9M\u00c9 colour R(red)* - Atsuko Matano Paris<\/title>\n<meta name=\"description\" content=\"Pincez n\u2019importe quelle serviette pour cre\u0301er un bavoir personnalise\u0301 et interchangeable. Vous pouvez me\u0302me e\u0301viter la chute du doudou pre\u0301fe\u0301re\u0301 de votre enfant en accrochant d\u2019un co\u0302te\u0301 sur le ve\u0302tement et de l\u2019autre la peluche.\" \/>\n<meta name=\"robots\" content=\"index, follow, max-snippet:-1, max-image-preview:large, max-video-preview:-1\" \/>\n<link rel=\"canonical\" href=\"https:\/\/www.atsukomatano.fr\/en\/produit\/towel-clips-meme-colour-rred-wholesale\/\" \/>\n<meta property=\"og:locale\" content=\"en_US\" \/>\n<meta property=\"og:type\" content=\"article\" \/>\n<meta property=\"og:title\" content=\"Towel clips M\u00c9M\u00c9 colour R(red)* - Atsuko Matano Paris\" \/>\n<meta property=\"og:description\" content=\"Pincez n\u2019importe quelle serviette pour cre\u0301er un bavoir personnalise\u0301 et interchangeable. Vous pouvez me\u0302me e\u0301viter la chute du doudou pre\u0301fe\u0301re\u0301 de votre enfant en accrochant d\u2019un co\u0302te\u0301 sur le ve\u0302tement et de l\u2019autre la peluche.\" \/>\n<meta property=\"og:url\" content=\"https:\/\/www.atsukomatano.fr\/en\/produit\/towel-clips-meme-colour-rred-wholesale\/\" \/>\n<meta property=\"og:site_name\" content=\"Atsuko Matano Paris\" \/>\n<meta property=\"article:publisher\" content=\"https:\/\/www.facebook.com\/Atsuko-Matano-Paris-547593248584100\/\" \/>\n<meta property=\"article:modified_time\" content=\"2026-03-21T13:12:40+00:00\" \/>\n<meta property=\"og:image\" content=\"https:\/\/www.atsukomatano.fr\/wp-content\/uploads\/2020\/08\/meme065r2-1.png\" \/>\n\t<meta property=\"og:image:width\" content=\"771\" \/>\n\t<meta property=\"og:image:height\" content=\"896\" \/>\n\t<meta property=\"og:image:type\" content=\"image\/png\" \/>\n<meta name=\"twitter:card\" content=\"summary_large_image\" \/>\n<meta name=\"twitter:label1\" content=\"Est. reading time\" \/>\n\t<meta name=\"twitter:data1\" content=\"1 minute\" \/>\n<script type=\"application\/ld+json\" class=\"yoast-schema-graph\">{\"@context\":\"https:\/\/schema.org\",\"@graph\":[{\"@type\":\"WebPage\",\"@id\":\"https:\/\/www.atsukomatano.fr\/en\/produit\/towel-clips-meme-colour-rred-wholesale\/\",\"url\":\"https:\/\/www.atsukomatano.fr\/en\/produit\/towel-clips-meme-colour-rred-wholesale\/\",\"name\":\"Towel clips M\u00c9M\u00c9 colour R(red)* - Atsuko Matano Paris\",\"isPartOf\":{\"@id\":\"https:\/\/www.atsukomatano.fr\/#website\"},\"primaryImageOfPage\":{\"@id\":\"https:\/\/www.atsukomatano.fr\/en\/produit\/towel-clips-meme-colour-rred-wholesale\/#primaryimage\"},\"image\":{\"@id\":\"https:\/\/www.atsukomatano.fr\/en\/produit\/towel-clips-meme-colour-rred-wholesale\/#primaryimage\"},\"thumbnailUrl\":\"https:\/\/www.atsukomatano.fr\/wp-content\/uploads\/2020\/08\/meme065r2-1.png\",\"datePublished\":\"2026-02-18T16:08:01+00:00\",\"dateModified\":\"2026-03-21T13:12:40+00:00\",\"description\":\"Pincez n\u2019importe quelle serviette pour cre\u0301er un bavoir personnalise\u0301 et interchangeable. Vous pouvez me\u0302me e\u0301viter la chute du doudou pre\u0301fe\u0301re\u0301 de votre enfant en accrochant d\u2019un co\u0302te\u0301 sur le ve\u0302tement et de l\u2019autre la peluche.\",\"breadcrumb\":{\"@id\":\"https:\/\/www.atsukomatano.fr\/en\/produit\/towel-clips-meme-colour-rred-wholesale\/#breadcrumb\"},\"inLanguage\":\"en-US\",\"potentialAction\":[{\"@type\":\"ReadAction\",\"target\":[\"https:\/\/www.atsukomatano.fr\/en\/produit\/towel-clips-meme-colour-rred-wholesale\/\"]}]},{\"@type\":\"ImageObject\",\"inLanguage\":\"en-US\",\"@id\":\"https:\/\/www.atsukomatano.fr\/en\/produit\/towel-clips-meme-colour-rred-wholesale\/#primaryimage\",\"url\":\"https:\/\/www.atsukomatano.fr\/wp-content\/uploads\/2020\/08\/meme065r2-1.png\",\"contentUrl\":\"https:\/\/www.atsukomatano.fr\/wp-content\/uploads\/2020\/08\/meme065r2-1.png\",\"width\":771,\"height\":896,\"caption\":\"Pinces \u00e0 serviette M\u00c9M\u00c9 couleur R(rouge)\"},{\"@type\":\"BreadcrumbList\",\"@id\":\"https:\/\/www.atsukomatano.fr\/en\/produit\/towel-clips-meme-colour-rred-wholesale\/#breadcrumb\",\"itemListElement\":[{\"@type\":\"ListItem\",\"position\":1,\"name\":\"Accueil\",\"item\":\"https:\/\/www.atsukomatano.fr\/en\/\"},{\"@type\":\"ListItem\",\"position\":2,\"name\":\"Shop\",\"item\":\"https:\/\/www.atsukomatano.fr\/en\/shop-officiel\/\"},{\"@type\":\"ListItem\",\"position\":3,\"name\":\"Towel clips M\u00c9M\u00c9 colour R(red)*\"}]},{\"@type\":\"WebSite\",\"@id\":\"https:\/\/www.atsukomatano.fr\/#website\",\"url\":\"https:\/\/www.atsukomatano.fr\/\",\"name\":\"Atsuko Matano Paris\",\"description\":\"Atsuko Matano Paris\",\"publisher\":{\"@id\":\"https:\/\/www.atsukomatano.fr\/#organization\"},\"potentialAction\":[{\"@type\":\"SearchAction\",\"target\":{\"@type\":\"EntryPoint\",\"urlTemplate\":\"https:\/\/www.atsukomatano.fr\/?s={search_term_string}\"},\"query-input\":{\"@type\":\"PropertyValueSpecification\",\"valueRequired\":true,\"valueName\":\"search_term_string\"}}],\"inLanguage\":\"en-US\"},{\"@type\":\"Organization\",\"@id\":\"https:\/\/www.atsukomatano.fr\/#organization\",\"name\":\"ATSUKO MATANO Paris by yllo\",\"url\":\"https:\/\/www.atsukomatano.fr\/\",\"logo\":{\"@type\":\"ImageObject\",\"inLanguage\":\"en-US\",\"@id\":\"https:\/\/www.atsukomatano.fr\/#\/schema\/logo\/image\/\",\"url\":\"\",\"contentUrl\":\"\",\"caption\":\"ATSUKO MATANO Paris by yllo\"},\"image\":{\"@id\":\"https:\/\/www.atsukomatano.fr\/#\/schema\/logo\/image\/\"},\"sameAs\":[\"https:\/\/www.facebook.com\/Atsuko-Matano-Paris-547593248584100\/\",\"https:\/\/www.instagram.com\/atsukomatano_paris_meme\/\"]}]}<\/script>\n<!-- \/ Yoast SEO plugin. -->","yoast_head_json":{"title":"Towel clips M\u00c9M\u00c9 colour R(red)* - Atsuko Matano Paris","description":"Pincez n\u2019importe quelle serviette pour cre\u0301er un bavoir personnalise\u0301 et interchangeable. Vous pouvez me\u0302me e\u0301viter la chute du doudou pre\u0301fe\u0301re\u0301 de votre enfant en accrochant d\u2019un co\u0302te\u0301 sur le ve\u0302tement et de l\u2019autre la peluche.","robots":{"index":"index","follow":"follow","max-snippet":"max-snippet:-1","max-image-preview":"max-image-preview:large","max-video-preview":"max-video-preview:-1"},"canonical":"https:\/\/www.atsukomatano.fr\/en\/produit\/towel-clips-meme-colour-rred-wholesale\/","og_locale":"en_US","og_type":"article","og_title":"Towel clips M\u00c9M\u00c9 colour R(red)* - Atsuko Matano Paris","og_description":"Pincez n\u2019importe quelle serviette pour cre\u0301er un bavoir personnalise\u0301 et interchangeable. Vous pouvez me\u0302me e\u0301viter la chute du doudou pre\u0301fe\u0301re\u0301 de votre enfant en accrochant d\u2019un co\u0302te\u0301 sur le ve\u0302tement et de l\u2019autre la peluche.","og_url":"https:\/\/www.atsukomatano.fr\/en\/produit\/towel-clips-meme-colour-rred-wholesale\/","og_site_name":"Atsuko Matano Paris","article_publisher":"https:\/\/www.facebook.com\/Atsuko-Matano-Paris-547593248584100\/","article_modified_time":"2026-03-21T13:12:40+00:00","og_image":[{"width":771,"height":896,"url":"https:\/\/www.atsukomatano.fr\/wp-content\/uploads\/2020\/08\/meme065r2-1.png","type":"image\/png"}],"twitter_card":"summary_large_image","twitter_misc":{"Est. reading time":"1 minute"},"schema":{"@context":"https:\/\/schema.org","@graph":[{"@type":"WebPage","@id":"https:\/\/www.atsukomatano.fr\/en\/produit\/towel-clips-meme-colour-rred-wholesale\/","url":"https:\/\/www.atsukomatano.fr\/en\/produit\/towel-clips-meme-colour-rred-wholesale\/","name":"Towel clips M\u00c9M\u00c9 colour R(red)* - Atsuko Matano Paris","isPartOf":{"@id":"https:\/\/www.atsukomatano.fr\/#website"},"primaryImageOfPage":{"@id":"https:\/\/www.atsukomatano.fr\/en\/produit\/towel-clips-meme-colour-rred-wholesale\/#primaryimage"},"image":{"@id":"https:\/\/www.atsukomatano.fr\/en\/produit\/towel-clips-meme-colour-rred-wholesale\/#primaryimage"},"thumbnailUrl":"https:\/\/www.atsukomatano.fr\/wp-content\/uploads\/2020\/08\/meme065r2-1.png","datePublished":"2026-02-18T16:08:01+00:00","dateModified":"2026-03-21T13:12:40+00:00","description":"Pincez n\u2019importe quelle serviette pour cre\u0301er un bavoir personnalise\u0301 et interchangeable. Vous pouvez me\u0302me e\u0301viter la chute du doudou pre\u0301fe\u0301re\u0301 de votre enfant en accrochant d\u2019un co\u0302te\u0301 sur le ve\u0302tement et de l\u2019autre la peluche.","breadcrumb":{"@id":"https:\/\/www.atsukomatano.fr\/en\/produit\/towel-clips-meme-colour-rred-wholesale\/#breadcrumb"},"inLanguage":"en-US","potentialAction":[{"@type":"ReadAction","target":["https:\/\/www.atsukomatano.fr\/en\/produit\/towel-clips-meme-colour-rred-wholesale\/"]}]},{"@type":"ImageObject","inLanguage":"en-US","@id":"https:\/\/www.atsukomatano.fr\/en\/produit\/towel-clips-meme-colour-rred-wholesale\/#primaryimage","url":"https:\/\/www.atsukomatano.fr\/wp-content\/uploads\/2020\/08\/meme065r2-1.png","contentUrl":"https:\/\/www.atsukomatano.fr\/wp-content\/uploads\/2020\/08\/meme065r2-1.png","width":771,"height":896,"caption":"Pinces \u00e0 serviette M\u00c9M\u00c9 couleur R(rouge)"},{"@type":"BreadcrumbList","@id":"https:\/\/www.atsukomatano.fr\/en\/produit\/towel-clips-meme-colour-rred-wholesale\/#breadcrumb","itemListElement":[{"@type":"ListItem","position":1,"name":"Accueil","item":"https:\/\/www.atsukomatano.fr\/en\/"},{"@type":"ListItem","position":2,"name":"Shop","item":"https:\/\/www.atsukomatano.fr\/en\/shop-officiel\/"},{"@type":"ListItem","position":3,"name":"Towel clips M\u00c9M\u00c9 colour R(red)*"}]},{"@type":"WebSite","@id":"https:\/\/www.atsukomatano.fr\/#website","url":"https:\/\/www.atsukomatano.fr\/","name":"Atsuko Matano Paris","description":"Atsuko Matano Paris","publisher":{"@id":"https:\/\/www.atsukomatano.fr\/#organization"},"potentialAction":[{"@type":"SearchAction","target":{"@type":"EntryPoint","urlTemplate":"https:\/\/www.atsukomatano.fr\/?s={search_term_string}"},"query-input":{"@type":"PropertyValueSpecification","valueRequired":true,"valueName":"search_term_string"}}],"inLanguage":"en-US"},{"@type":"Organization","@id":"https:\/\/www.atsukomatano.fr\/#organization","name":"ATSUKO MATANO Paris by yllo","url":"https:\/\/www.atsukomatano.fr\/","logo":{"@type":"ImageObject","inLanguage":"en-US","@id":"https:\/\/www.atsukomatano.fr\/#\/schema\/logo\/image\/","url":"","contentUrl":"","caption":"ATSUKO MATANO Paris by yllo"},"image":{"@id":"https:\/\/www.atsukomatano.fr\/#\/schema\/logo\/image\/"},"sameAs":["https:\/\/www.facebook.com\/Atsuko-Matano-Paris-547593248584100\/","https:\/\/www.instagram.com\/atsukomatano_paris_meme\/"]}]}},"_links":{"self":[{"href":"https:\/\/www.atsukomatano.fr\/en\/wp-json\/wp\/v2\/product\/34719","targetHints":{"allow":["GET"]}}],"collection":[{"href":"https:\/\/www.atsukomatano.fr\/en\/wp-json\/wp\/v2\/product"}],"about":[{"href":"https:\/\/www.atsukomatano.fr\/en\/wp-json\/wp\/v2\/types\/product"}],"wp:featuredmedia":[{"embeddable":true,"href":"https:\/\/www.atsukomatano.fr\/en\/wp-json\/wp\/v2\/media\/29132"}],"wp:attachment":[{"href":"https:\/\/www.atsukomatano.fr\/en\/wp-json\/wp\/v2\/media?parent=34719"}],"wp:term":[{"taxonomy":"product_brand","embeddable":true,"href":"https:\/\/www.atsukomatano.fr\/en\/wp-json\/wp\/v2\/product_brand?post=34719"},{"taxonomy":"product_cat","embeddable":true,"href":"https:\/\/www.atsukomatano.fr\/en\/wp-json\/wp\/v2\/product_cat?post=34719"},{"taxonomy":"product_tag","embeddable":true,"href":"https:\/\/www.atsukomatano.fr\/en\/wp-json\/wp\/v2\/product_tag?post=34719"}],"curies":[{"name":"wp","href":"https:\/\/api.w.org\/{rel}","templated":true}]}}