{"id":33247,"date":"2026-02-18T17:08:01","date_gmt":"2026-02-18T16:08:01","guid":{"rendered":"https:\/\/www.atsukomatano.fr\/?post_type=product&#038;p=33247"},"modified":"2026-04-16T16:16:56","modified_gmt":"2026-04-16T14:16:56","slug":"mini-towel-mmsl-colour-ororange-wholesale","status":"publish","type":"product","link":"https:\/\/www.atsukomatano.fr\/en\/produit\/mini-towel-mmsl-colour-ororange-wholesale\/","title":{"rendered":"Mini towel MMSL colour OR(orange) *early May"},"content":{"rendered":"<div class=\"page\" title=\"Page 11\">\n<div class=\"layoutArea\">\n<div class=\"column\">\n<p class=\"p1\">Towel fabric, cotton 100% ,<\/p>\n<p class=\"p1\">25x25cm,<\/p>\n<p class=\"p1\">Made in Japan<\/p>\n<\/div>\n<\/div>\n<\/div>\n","protected":false},"excerpt":{"rendered":"<p><span style=\"font-size: 115%;\">&#x2666; <strong>maximum 8 per order<\/strong><\/span><\/p>\n<div class=\"page\" title=\"Page 5\">\n<div class=\"layoutArea\">\n<div class=\"column\">\n<hr \/>\n<p><span style=\"color: #808080;\">Absorbent and portable! Mini towels are must-have accessories for Japanese women to drying hands. Use it in the bathroom, on the go, to clean up around the house or wherever else you need some extra drying power for everyday life.<\/span><\/p>\n<hr \/>\n<p>&nbsp;<\/p>\n<\/div>\n<\/div>\n<\/div>\n","protected":false},"featured_media":18087,"template":"","meta":[],"product_brand":[],"product_cat":[314],"product_tag":[],"class_list":{"0":"post-33247","1":"product","2":"type-product","3":"status-publish","4":"has-post-thumbnail","6":"product_cat-mini-towels","8":"first","9":"instock","10":"taxable","11":"shipping-taxable","12":"purchasable","13":"product-type-simple"},"yoast_head":"<!-- This site is optimized with the Yoast SEO plugin v27.1.1 - https:\/\/yoast.com\/product\/yoast-seo-wordpress\/ -->\n<title>Mini towel MMSL colour OR(orange) *early May - Atsuko Matano Paris<\/title>\n<meta name=\"description\" content=\"Retrouvez M\u00e9m\u00e9 la f\u00e9line noire dans une harmonieuse composition de motifs fleurs, poissons et de rayures dans des coloris printaniers.Tout l\u2019esprit Kawaii d\u2019Atsuko Matano dans une serviette en \u00e9ponge douce et fluffy fabriqu\u00e9e au Japon.\" \/>\n<meta name=\"robots\" content=\"index, follow, max-snippet:-1, max-image-preview:large, max-video-preview:-1\" \/>\n<link rel=\"canonical\" href=\"https:\/\/www.atsukomatano.fr\/en\/produit\/mini-towel-mmsl-colour-ororange-wholesale\/\" \/>\n<meta property=\"og:locale\" content=\"en_US\" \/>\n<meta property=\"og:type\" content=\"article\" \/>\n<meta property=\"og:title\" content=\"Mini towel MMSL colour OR(orange) *early May - Atsuko Matano Paris\" \/>\n<meta property=\"og:description\" content=\"Retrouvez M\u00e9m\u00e9 la f\u00e9line noire dans une harmonieuse composition de motifs fleurs, poissons et de rayures dans des coloris printaniers.Tout l\u2019esprit Kawaii d\u2019Atsuko Matano dans une serviette en \u00e9ponge douce et fluffy fabriqu\u00e9e au Japon.\" \/>\n<meta property=\"og:url\" content=\"https:\/\/www.atsukomatano.fr\/en\/produit\/mini-towel-mmsl-colour-ororange-wholesale\/\" \/>\n<meta property=\"og:site_name\" content=\"Atsuko Matano Paris\" \/>\n<meta property=\"article:publisher\" content=\"https:\/\/www.facebook.com\/Atsuko-Matano-Paris-547593248584100\/\" \/>\n<meta property=\"article:modified_time\" content=\"2026-04-16T14:16:56+00:00\" \/>\n<meta property=\"og:image\" content=\"https:\/\/www.atsukomatano.fr\/wp-content\/uploads\/2022\/02\/mmsl041or.png\" \/>\n\t<meta property=\"og:image:width\" content=\"771\" \/>\n\t<meta property=\"og:image:height\" content=\"896\" \/>\n\t<meta property=\"og:image:type\" content=\"image\/png\" \/>\n<meta name=\"twitter:card\" content=\"summary_large_image\" \/>\n<meta name=\"twitter:label1\" content=\"Est. reading time\" \/>\n\t<meta name=\"twitter:data1\" content=\"1 minute\" \/>\n<script type=\"application\/ld+json\" class=\"yoast-schema-graph\">{\"@context\":\"https:\/\/schema.org\",\"@graph\":[{\"@type\":\"WebPage\",\"@id\":\"https:\/\/www.atsukomatano.fr\/en\/produit\/mini-towel-mmsl-colour-ororange-wholesale\/\",\"url\":\"https:\/\/www.atsukomatano.fr\/en\/produit\/mini-towel-mmsl-colour-ororange-wholesale\/\",\"name\":\"Mini towel MMSL colour OR(orange) *early May - Atsuko Matano Paris\",\"isPartOf\":{\"@id\":\"https:\/\/www.atsukomatano.fr\/#website\"},\"primaryImageOfPage\":{\"@id\":\"https:\/\/www.atsukomatano.fr\/en\/produit\/mini-towel-mmsl-colour-ororange-wholesale\/#primaryimage\"},\"image\":{\"@id\":\"https:\/\/www.atsukomatano.fr\/en\/produit\/mini-towel-mmsl-colour-ororange-wholesale\/#primaryimage\"},\"thumbnailUrl\":\"https:\/\/www.atsukomatano.fr\/wp-content\/uploads\/2022\/02\/mmsl041or.png\",\"datePublished\":\"2026-02-18T16:08:01+00:00\",\"dateModified\":\"2026-04-16T14:16:56+00:00\",\"description\":\"Retrouvez M\u00e9m\u00e9 la f\u00e9line noire dans une harmonieuse composition de motifs fleurs, poissons et de rayures dans des coloris printaniers.Tout l\u2019esprit Kawaii d\u2019Atsuko Matano dans une serviette en \u00e9ponge douce et fluffy fabriqu\u00e9e au Japon.\",\"breadcrumb\":{\"@id\":\"https:\/\/www.atsukomatano.fr\/en\/produit\/mini-towel-mmsl-colour-ororange-wholesale\/#breadcrumb\"},\"inLanguage\":\"en-US\",\"potentialAction\":[{\"@type\":\"ReadAction\",\"target\":[\"https:\/\/www.atsukomatano.fr\/en\/produit\/mini-towel-mmsl-colour-ororange-wholesale\/\"]}]},{\"@type\":\"ImageObject\",\"inLanguage\":\"en-US\",\"@id\":\"https:\/\/www.atsukomatano.fr\/en\/produit\/mini-towel-mmsl-colour-ororange-wholesale\/#primaryimage\",\"url\":\"https:\/\/www.atsukomatano.fr\/wp-content\/uploads\/2022\/02\/mmsl041or.png\",\"contentUrl\":\"https:\/\/www.atsukomatano.fr\/wp-content\/uploads\/2022\/02\/mmsl041or.png\",\"width\":771,\"height\":896,\"caption\":\"Mini serviette MMSL couleur OR(orange)\"},{\"@type\":\"BreadcrumbList\",\"@id\":\"https:\/\/www.atsukomatano.fr\/en\/produit\/mini-towel-mmsl-colour-ororange-wholesale\/#breadcrumb\",\"itemListElement\":[{\"@type\":\"ListItem\",\"position\":1,\"name\":\"Accueil\",\"item\":\"https:\/\/www.atsukomatano.fr\/en\/\"},{\"@type\":\"ListItem\",\"position\":2,\"name\":\"Shop\",\"item\":\"https:\/\/www.atsukomatano.fr\/en\/shop-officiel\/\"},{\"@type\":\"ListItem\",\"position\":3,\"name\":\"Mini towel MMSL colour OR(orange) *early May\"}]},{\"@type\":\"WebSite\",\"@id\":\"https:\/\/www.atsukomatano.fr\/#website\",\"url\":\"https:\/\/www.atsukomatano.fr\/\",\"name\":\"Atsuko Matano Paris\",\"description\":\"Atsuko Matano Paris\",\"publisher\":{\"@id\":\"https:\/\/www.atsukomatano.fr\/#organization\"},\"potentialAction\":[{\"@type\":\"SearchAction\",\"target\":{\"@type\":\"EntryPoint\",\"urlTemplate\":\"https:\/\/www.atsukomatano.fr\/?s={search_term_string}\"},\"query-input\":{\"@type\":\"PropertyValueSpecification\",\"valueRequired\":true,\"valueName\":\"search_term_string\"}}],\"inLanguage\":\"en-US\"},{\"@type\":\"Organization\",\"@id\":\"https:\/\/www.atsukomatano.fr\/#organization\",\"name\":\"ATSUKO MATANO Paris by yllo\",\"url\":\"https:\/\/www.atsukomatano.fr\/\",\"logo\":{\"@type\":\"ImageObject\",\"inLanguage\":\"en-US\",\"@id\":\"https:\/\/www.atsukomatano.fr\/#\/schema\/logo\/image\/\",\"url\":\"\",\"contentUrl\":\"\",\"caption\":\"ATSUKO MATANO Paris by yllo\"},\"image\":{\"@id\":\"https:\/\/www.atsukomatano.fr\/#\/schema\/logo\/image\/\"},\"sameAs\":[\"https:\/\/www.facebook.com\/Atsuko-Matano-Paris-547593248584100\/\",\"https:\/\/www.instagram.com\/atsukomatano_paris_meme\/\"]}]}<\/script>\n<!-- \/ Yoast SEO plugin. -->","yoast_head_json":{"title":"Mini towel MMSL colour OR(orange) *early May - Atsuko Matano Paris","description":"Retrouvez M\u00e9m\u00e9 la f\u00e9line noire dans une harmonieuse composition de motifs fleurs, poissons et de rayures dans des coloris printaniers.Tout l\u2019esprit Kawaii d\u2019Atsuko Matano dans une serviette en \u00e9ponge douce et fluffy fabriqu\u00e9e au Japon.","robots":{"index":"index","follow":"follow","max-snippet":"max-snippet:-1","max-image-preview":"max-image-preview:large","max-video-preview":"max-video-preview:-1"},"canonical":"https:\/\/www.atsukomatano.fr\/en\/produit\/mini-towel-mmsl-colour-ororange-wholesale\/","og_locale":"en_US","og_type":"article","og_title":"Mini towel MMSL colour OR(orange) *early May - Atsuko Matano Paris","og_description":"Retrouvez M\u00e9m\u00e9 la f\u00e9line noire dans une harmonieuse composition de motifs fleurs, poissons et de rayures dans des coloris printaniers.Tout l\u2019esprit Kawaii d\u2019Atsuko Matano dans une serviette en \u00e9ponge douce et fluffy fabriqu\u00e9e au Japon.","og_url":"https:\/\/www.atsukomatano.fr\/en\/produit\/mini-towel-mmsl-colour-ororange-wholesale\/","og_site_name":"Atsuko Matano Paris","article_publisher":"https:\/\/www.facebook.com\/Atsuko-Matano-Paris-547593248584100\/","article_modified_time":"2026-04-16T14:16:56+00:00","og_image":[{"width":771,"height":896,"url":"https:\/\/www.atsukomatano.fr\/wp-content\/uploads\/2022\/02\/mmsl041or.png","type":"image\/png"}],"twitter_card":"summary_large_image","twitter_misc":{"Est. reading time":"1 minute"},"schema":{"@context":"https:\/\/schema.org","@graph":[{"@type":"WebPage","@id":"https:\/\/www.atsukomatano.fr\/en\/produit\/mini-towel-mmsl-colour-ororange-wholesale\/","url":"https:\/\/www.atsukomatano.fr\/en\/produit\/mini-towel-mmsl-colour-ororange-wholesale\/","name":"Mini towel MMSL colour OR(orange) *early May - Atsuko Matano Paris","isPartOf":{"@id":"https:\/\/www.atsukomatano.fr\/#website"},"primaryImageOfPage":{"@id":"https:\/\/www.atsukomatano.fr\/en\/produit\/mini-towel-mmsl-colour-ororange-wholesale\/#primaryimage"},"image":{"@id":"https:\/\/www.atsukomatano.fr\/en\/produit\/mini-towel-mmsl-colour-ororange-wholesale\/#primaryimage"},"thumbnailUrl":"https:\/\/www.atsukomatano.fr\/wp-content\/uploads\/2022\/02\/mmsl041or.png","datePublished":"2026-02-18T16:08:01+00:00","dateModified":"2026-04-16T14:16:56+00:00","description":"Retrouvez M\u00e9m\u00e9 la f\u00e9line noire dans une harmonieuse composition de motifs fleurs, poissons et de rayures dans des coloris printaniers.Tout l\u2019esprit Kawaii d\u2019Atsuko Matano dans une serviette en \u00e9ponge douce et fluffy fabriqu\u00e9e au Japon.","breadcrumb":{"@id":"https:\/\/www.atsukomatano.fr\/en\/produit\/mini-towel-mmsl-colour-ororange-wholesale\/#breadcrumb"},"inLanguage":"en-US","potentialAction":[{"@type":"ReadAction","target":["https:\/\/www.atsukomatano.fr\/en\/produit\/mini-towel-mmsl-colour-ororange-wholesale\/"]}]},{"@type":"ImageObject","inLanguage":"en-US","@id":"https:\/\/www.atsukomatano.fr\/en\/produit\/mini-towel-mmsl-colour-ororange-wholesale\/#primaryimage","url":"https:\/\/www.atsukomatano.fr\/wp-content\/uploads\/2022\/02\/mmsl041or.png","contentUrl":"https:\/\/www.atsukomatano.fr\/wp-content\/uploads\/2022\/02\/mmsl041or.png","width":771,"height":896,"caption":"Mini serviette MMSL couleur OR(orange)"},{"@type":"BreadcrumbList","@id":"https:\/\/www.atsukomatano.fr\/en\/produit\/mini-towel-mmsl-colour-ororange-wholesale\/#breadcrumb","itemListElement":[{"@type":"ListItem","position":1,"name":"Accueil","item":"https:\/\/www.atsukomatano.fr\/en\/"},{"@type":"ListItem","position":2,"name":"Shop","item":"https:\/\/www.atsukomatano.fr\/en\/shop-officiel\/"},{"@type":"ListItem","position":3,"name":"Mini towel MMSL colour OR(orange) *early May"}]},{"@type":"WebSite","@id":"https:\/\/www.atsukomatano.fr\/#website","url":"https:\/\/www.atsukomatano.fr\/","name":"Atsuko Matano Paris","description":"Atsuko Matano Paris","publisher":{"@id":"https:\/\/www.atsukomatano.fr\/#organization"},"potentialAction":[{"@type":"SearchAction","target":{"@type":"EntryPoint","urlTemplate":"https:\/\/www.atsukomatano.fr\/?s={search_term_string}"},"query-input":{"@type":"PropertyValueSpecification","valueRequired":true,"valueName":"search_term_string"}}],"inLanguage":"en-US"},{"@type":"Organization","@id":"https:\/\/www.atsukomatano.fr\/#organization","name":"ATSUKO MATANO Paris by yllo","url":"https:\/\/www.atsukomatano.fr\/","logo":{"@type":"ImageObject","inLanguage":"en-US","@id":"https:\/\/www.atsukomatano.fr\/#\/schema\/logo\/image\/","url":"","contentUrl":"","caption":"ATSUKO MATANO Paris by yllo"},"image":{"@id":"https:\/\/www.atsukomatano.fr\/#\/schema\/logo\/image\/"},"sameAs":["https:\/\/www.facebook.com\/Atsuko-Matano-Paris-547593248584100\/","https:\/\/www.instagram.com\/atsukomatano_paris_meme\/"]}]}},"_links":{"self":[{"href":"https:\/\/www.atsukomatano.fr\/en\/wp-json\/wp\/v2\/product\/33247","targetHints":{"allow":["GET"]}}],"collection":[{"href":"https:\/\/www.atsukomatano.fr\/en\/wp-json\/wp\/v2\/product"}],"about":[{"href":"https:\/\/www.atsukomatano.fr\/en\/wp-json\/wp\/v2\/types\/product"}],"wp:featuredmedia":[{"embeddable":true,"href":"https:\/\/www.atsukomatano.fr\/en\/wp-json\/wp\/v2\/media\/18087"}],"wp:attachment":[{"href":"https:\/\/www.atsukomatano.fr\/en\/wp-json\/wp\/v2\/media?parent=33247"}],"wp:term":[{"taxonomy":"product_brand","embeddable":true,"href":"https:\/\/www.atsukomatano.fr\/en\/wp-json\/wp\/v2\/product_brand?post=33247"},{"taxonomy":"product_cat","embeddable":true,"href":"https:\/\/www.atsukomatano.fr\/en\/wp-json\/wp\/v2\/product_cat?post=33247"},{"taxonomy":"product_tag","embeddable":true,"href":"https:\/\/www.atsukomatano.fr\/en\/wp-json\/wp\/v2\/product_tag?post=33247"}],"curies":[{"name":"wp","href":"https:\/\/api.w.org\/{rel}","templated":true}]}}