{"id":18767,"date":"2026-02-09T15:51:42","date_gmt":"2026-02-09T14:51:42","guid":{"rendered":"https:\/\/www.atsukomatano.fr\/product\/serviette-de-gazel-mmst-couleur-bbleu\/"},"modified":"2026-03-07T14:55:13","modified_gmt":"2026-03-07T13:55:13","slug":"gauze-towel-l-mmst-colour-bblue","status":"publish","type":"product","link":"https:\/\/www.atsukomatano.fr\/en\/produit\/gauze-towel-l-mmst-colour-bblue\/","title":{"rendered":"Gauze towel L MMST colour B(blue)"},"content":{"rendered":"<p>Triple layer gauze towel, 100% Cotton<\/p>\n<p class=\"p1\">34\u00d780cm,<\/p>\n<p class=\"p1\">Made in Japan<\/p>\n","protected":false},"excerpt":{"rendered":"<hr \/>\n<p><span style=\"color: #808080;\">The cotton gauze cloth is a finely woven fabric absorbent and light weight.<\/span><br \/>\n<span style=\"color: #808080;\">It has long been appreciated by the Japanese because of its softness and the fabric is fast-drying even during the rainy season. Perfect for sensitive skins, women and babies.<\/span><\/p>\n<p><span style=\"color: #808080;\">Dry your hands or dishes with it or use it as a napkin, a placemat or a table runner!<\/span><\/p>\n<hr \/>\n<p class=\"p1\">\n","protected":false},"featured_media":29006,"template":"","meta":[],"product_brand":[],"product_cat":[324,321],"product_tag":[478],"class_list":{"0":"post-18767","1":"product","2":"type-product","3":"status-publish","4":"has-post-thumbnail","6":"product_cat-dish-towels","7":"product_cat-gauze-towels","8":"product_tag-chat-en","10":"first","11":"instock","12":"taxable","13":"shipping-taxable","14":"purchasable","15":"product-type-simple"},"yoast_head":"<!-- This site is optimized with the Yoast SEO plugin v27.1.1 - https:\/\/yoast.com\/product\/yoast-seo-wordpress\/ -->\n<title>Gauze towel L MMST colour B(blue) - Atsuko Matano Paris<\/title>\n<meta name=\"description\" content=\"MMST est un mignon combo de l\u2019ind\u00e9modable rayure avec la petite f\u00e9line M\u00e9m\u00e9 \u266a Serviette \u00e0 utiliser en essuie-main, torchon et\/ou en set de table ou en chemin de table.\" \/>\n<meta name=\"robots\" content=\"index, follow, max-snippet:-1, max-image-preview:large, max-video-preview:-1\" \/>\n<link rel=\"canonical\" href=\"https:\/\/www.atsukomatano.fr\/produit\/serviette-de-gazel-mmst-couleur-bbleu\/\" \/>\n<meta property=\"og:locale\" content=\"en_US\" \/>\n<meta property=\"og:type\" content=\"article\" \/>\n<meta property=\"og:title\" content=\"Gauze towel L MMST colour B(blue) - Atsuko Matano Paris\" \/>\n<meta property=\"og:description\" content=\"MMST est un mignon combo de l\u2019ind\u00e9modable rayure avec la petite f\u00e9line M\u00e9m\u00e9 \u266a Serviette \u00e0 utiliser en essuie-main, torchon et\/ou en set de table ou en chemin de table.\" \/>\n<meta property=\"og:url\" content=\"https:\/\/www.atsukomatano.fr\/produit\/serviette-de-gazel-mmst-couleur-bbleu\/\" \/>\n<meta property=\"og:site_name\" content=\"Atsuko Matano Paris\" \/>\n<meta property=\"article:publisher\" content=\"https:\/\/www.facebook.com\/Atsuko-Matano-Paris-547593248584100\/\" \/>\n<meta property=\"article:modified_time\" content=\"2026-03-07T13:55:13+00:00\" \/>\n<meta property=\"og:image\" content=\"https:\/\/www.atsukomatano.fr\/wp-content\/uploads\/2022\/04\/mmst012b1-1.png\" \/>\n\t<meta property=\"og:image:width\" content=\"771\" \/>\n\t<meta property=\"og:image:height\" content=\"896\" \/>\n\t<meta property=\"og:image:type\" content=\"image\/png\" \/>\n<meta name=\"twitter:card\" content=\"summary_large_image\" \/>\n<meta name=\"twitter:label1\" content=\"Est. reading time\" \/>\n\t<meta name=\"twitter:data1\" content=\"1 minute\" \/>\n<script type=\"application\/ld+json\" class=\"yoast-schema-graph\">{\"@context\":\"https:\/\/schema.org\",\"@graph\":[{\"@type\":\"WebPage\",\"@id\":\"https:\/\/www.atsukomatano.fr\/produit\/serviette-de-gazel-mmst-couleur-bbleu\/\",\"url\":\"https:\/\/www.atsukomatano.fr\/produit\/serviette-de-gazel-mmst-couleur-bbleu\/\",\"name\":\"Gauze towel L MMST colour B(blue) - Atsuko Matano Paris\",\"isPartOf\":{\"@id\":\"https:\/\/www.atsukomatano.fr\/#website\"},\"primaryImageOfPage\":{\"@id\":\"https:\/\/www.atsukomatano.fr\/produit\/serviette-de-gazel-mmst-couleur-bbleu\/#primaryimage\"},\"image\":{\"@id\":\"https:\/\/www.atsukomatano.fr\/produit\/serviette-de-gazel-mmst-couleur-bbleu\/#primaryimage\"},\"thumbnailUrl\":\"https:\/\/www.atsukomatano.fr\/wp-content\/uploads\/2022\/04\/mmst012b1-1.png\",\"datePublished\":\"2026-02-09T14:51:42+00:00\",\"dateModified\":\"2026-03-07T13:55:13+00:00\",\"description\":\"MMST est un mignon combo de l\u2019ind\u00e9modable rayure avec la petite f\u00e9line M\u00e9m\u00e9 \u266a Serviette \u00e0 utiliser en essuie-main, torchon et\/ou en set de table ou en chemin de table.\",\"breadcrumb\":{\"@id\":\"https:\/\/www.atsukomatano.fr\/produit\/serviette-de-gazel-mmst-couleur-bbleu\/#breadcrumb\"},\"inLanguage\":\"en-US\",\"potentialAction\":[{\"@type\":\"ReadAction\",\"target\":[\"https:\/\/www.atsukomatano.fr\/produit\/serviette-de-gazel-mmst-couleur-bbleu\/\"]}]},{\"@type\":\"ImageObject\",\"inLanguage\":\"en-US\",\"@id\":\"https:\/\/www.atsukomatano.fr\/produit\/serviette-de-gazel-mmst-couleur-bbleu\/#primaryimage\",\"url\":\"https:\/\/www.atsukomatano.fr\/wp-content\/uploads\/2022\/04\/mmst012b1-1.png\",\"contentUrl\":\"https:\/\/www.atsukomatano.fr\/wp-content\/uploads\/2022\/04\/mmst012b1-1.png\",\"width\":771,\"height\":896,\"caption\":\"Serviette de gazeL MMST couleur B(bleu)\"},{\"@type\":\"BreadcrumbList\",\"@id\":\"https:\/\/www.atsukomatano.fr\/produit\/serviette-de-gazel-mmst-couleur-bbleu\/#breadcrumb\",\"itemListElement\":[{\"@type\":\"ListItem\",\"position\":1,\"name\":\"Accueil\",\"item\":\"https:\/\/www.atsukomatano.fr\/en\/\"},{\"@type\":\"ListItem\",\"position\":2,\"name\":\"Shop\",\"item\":\"https:\/\/www.atsukomatano.fr\/en\/shop-officiel\/\"},{\"@type\":\"ListItem\",\"position\":3,\"name\":\"Gauze towel L MMST colour B(blue)\"}]},{\"@type\":\"WebSite\",\"@id\":\"https:\/\/www.atsukomatano.fr\/#website\",\"url\":\"https:\/\/www.atsukomatano.fr\/\",\"name\":\"Atsuko Matano Paris\",\"description\":\"Atsuko Matano Paris\",\"publisher\":{\"@id\":\"https:\/\/www.atsukomatano.fr\/#organization\"},\"potentialAction\":[{\"@type\":\"SearchAction\",\"target\":{\"@type\":\"EntryPoint\",\"urlTemplate\":\"https:\/\/www.atsukomatano.fr\/?s={search_term_string}\"},\"query-input\":{\"@type\":\"PropertyValueSpecification\",\"valueRequired\":true,\"valueName\":\"search_term_string\"}}],\"inLanguage\":\"en-US\"},{\"@type\":\"Organization\",\"@id\":\"https:\/\/www.atsukomatano.fr\/#organization\",\"name\":\"ATSUKO MATANO Paris by yllo\",\"url\":\"https:\/\/www.atsukomatano.fr\/\",\"logo\":{\"@type\":\"ImageObject\",\"inLanguage\":\"en-US\",\"@id\":\"https:\/\/www.atsukomatano.fr\/#\/schema\/logo\/image\/\",\"url\":\"\",\"contentUrl\":\"\",\"caption\":\"ATSUKO MATANO Paris by yllo\"},\"image\":{\"@id\":\"https:\/\/www.atsukomatano.fr\/#\/schema\/logo\/image\/\"},\"sameAs\":[\"https:\/\/www.facebook.com\/Atsuko-Matano-Paris-547593248584100\/\",\"https:\/\/www.instagram.com\/atsukomatano_paris_meme\/\"]}]}<\/script>\n<!-- \/ Yoast SEO plugin. -->","yoast_head_json":{"title":"Gauze towel L MMST colour B(blue) - Atsuko Matano Paris","description":"MMST est un mignon combo de l\u2019ind\u00e9modable rayure avec la petite f\u00e9line M\u00e9m\u00e9 \u266a Serviette \u00e0 utiliser en essuie-main, torchon et\/ou en set de table ou en chemin de table.","robots":{"index":"index","follow":"follow","max-snippet":"max-snippet:-1","max-image-preview":"max-image-preview:large","max-video-preview":"max-video-preview:-1"},"canonical":"https:\/\/www.atsukomatano.fr\/produit\/serviette-de-gazel-mmst-couleur-bbleu\/","og_locale":"en_US","og_type":"article","og_title":"Gauze towel L MMST colour B(blue) - Atsuko Matano Paris","og_description":"MMST est un mignon combo de l\u2019ind\u00e9modable rayure avec la petite f\u00e9line M\u00e9m\u00e9 \u266a Serviette \u00e0 utiliser en essuie-main, torchon et\/ou en set de table ou en chemin de table.","og_url":"https:\/\/www.atsukomatano.fr\/produit\/serviette-de-gazel-mmst-couleur-bbleu\/","og_site_name":"Atsuko Matano Paris","article_publisher":"https:\/\/www.facebook.com\/Atsuko-Matano-Paris-547593248584100\/","article_modified_time":"2026-03-07T13:55:13+00:00","og_image":[{"width":771,"height":896,"url":"https:\/\/www.atsukomatano.fr\/wp-content\/uploads\/2022\/04\/mmst012b1-1.png","type":"image\/png"}],"twitter_card":"summary_large_image","twitter_misc":{"Est. reading time":"1 minute"},"schema":{"@context":"https:\/\/schema.org","@graph":[{"@type":"WebPage","@id":"https:\/\/www.atsukomatano.fr\/produit\/serviette-de-gazel-mmst-couleur-bbleu\/","url":"https:\/\/www.atsukomatano.fr\/produit\/serviette-de-gazel-mmst-couleur-bbleu\/","name":"Gauze towel L MMST colour B(blue) - Atsuko Matano Paris","isPartOf":{"@id":"https:\/\/www.atsukomatano.fr\/#website"},"primaryImageOfPage":{"@id":"https:\/\/www.atsukomatano.fr\/produit\/serviette-de-gazel-mmst-couleur-bbleu\/#primaryimage"},"image":{"@id":"https:\/\/www.atsukomatano.fr\/produit\/serviette-de-gazel-mmst-couleur-bbleu\/#primaryimage"},"thumbnailUrl":"https:\/\/www.atsukomatano.fr\/wp-content\/uploads\/2022\/04\/mmst012b1-1.png","datePublished":"2026-02-09T14:51:42+00:00","dateModified":"2026-03-07T13:55:13+00:00","description":"MMST est un mignon combo de l\u2019ind\u00e9modable rayure avec la petite f\u00e9line M\u00e9m\u00e9 \u266a Serviette \u00e0 utiliser en essuie-main, torchon et\/ou en set de table ou en chemin de table.","breadcrumb":{"@id":"https:\/\/www.atsukomatano.fr\/produit\/serviette-de-gazel-mmst-couleur-bbleu\/#breadcrumb"},"inLanguage":"en-US","potentialAction":[{"@type":"ReadAction","target":["https:\/\/www.atsukomatano.fr\/produit\/serviette-de-gazel-mmst-couleur-bbleu\/"]}]},{"@type":"ImageObject","inLanguage":"en-US","@id":"https:\/\/www.atsukomatano.fr\/produit\/serviette-de-gazel-mmst-couleur-bbleu\/#primaryimage","url":"https:\/\/www.atsukomatano.fr\/wp-content\/uploads\/2022\/04\/mmst012b1-1.png","contentUrl":"https:\/\/www.atsukomatano.fr\/wp-content\/uploads\/2022\/04\/mmst012b1-1.png","width":771,"height":896,"caption":"Serviette de gazeL MMST couleur B(bleu)"},{"@type":"BreadcrumbList","@id":"https:\/\/www.atsukomatano.fr\/produit\/serviette-de-gazel-mmst-couleur-bbleu\/#breadcrumb","itemListElement":[{"@type":"ListItem","position":1,"name":"Accueil","item":"https:\/\/www.atsukomatano.fr\/en\/"},{"@type":"ListItem","position":2,"name":"Shop","item":"https:\/\/www.atsukomatano.fr\/en\/shop-officiel\/"},{"@type":"ListItem","position":3,"name":"Gauze towel L MMST colour B(blue)"}]},{"@type":"WebSite","@id":"https:\/\/www.atsukomatano.fr\/#website","url":"https:\/\/www.atsukomatano.fr\/","name":"Atsuko Matano Paris","description":"Atsuko Matano Paris","publisher":{"@id":"https:\/\/www.atsukomatano.fr\/#organization"},"potentialAction":[{"@type":"SearchAction","target":{"@type":"EntryPoint","urlTemplate":"https:\/\/www.atsukomatano.fr\/?s={search_term_string}"},"query-input":{"@type":"PropertyValueSpecification","valueRequired":true,"valueName":"search_term_string"}}],"inLanguage":"en-US"},{"@type":"Organization","@id":"https:\/\/www.atsukomatano.fr\/#organization","name":"ATSUKO MATANO Paris by yllo","url":"https:\/\/www.atsukomatano.fr\/","logo":{"@type":"ImageObject","inLanguage":"en-US","@id":"https:\/\/www.atsukomatano.fr\/#\/schema\/logo\/image\/","url":"","contentUrl":"","caption":"ATSUKO MATANO Paris by yllo"},"image":{"@id":"https:\/\/www.atsukomatano.fr\/#\/schema\/logo\/image\/"},"sameAs":["https:\/\/www.facebook.com\/Atsuko-Matano-Paris-547593248584100\/","https:\/\/www.instagram.com\/atsukomatano_paris_meme\/"]}]}},"_links":{"self":[{"href":"https:\/\/www.atsukomatano.fr\/en\/wp-json\/wp\/v2\/product\/18767","targetHints":{"allow":["GET"]}}],"collection":[{"href":"https:\/\/www.atsukomatano.fr\/en\/wp-json\/wp\/v2\/product"}],"about":[{"href":"https:\/\/www.atsukomatano.fr\/en\/wp-json\/wp\/v2\/types\/product"}],"wp:featuredmedia":[{"embeddable":true,"href":"https:\/\/www.atsukomatano.fr\/en\/wp-json\/wp\/v2\/media\/29006"}],"wp:attachment":[{"href":"https:\/\/www.atsukomatano.fr\/en\/wp-json\/wp\/v2\/media?parent=18767"}],"wp:term":[{"taxonomy":"product_brand","embeddable":true,"href":"https:\/\/www.atsukomatano.fr\/en\/wp-json\/wp\/v2\/product_brand?post=18767"},{"taxonomy":"product_cat","embeddable":true,"href":"https:\/\/www.atsukomatano.fr\/en\/wp-json\/wp\/v2\/product_cat?post=18767"},{"taxonomy":"product_tag","embeddable":true,"href":"https:\/\/www.atsukomatano.fr\/en\/wp-json\/wp\/v2\/product_tag?post=18767"}],"curies":[{"name":"wp","href":"https:\/\/api.w.org\/{rel}","templated":true}]}}