{"id":18869,"date":"2023-06-09T16:10:14","date_gmt":"2023-06-09T14:10:14","guid":{"rendered":"https:\/\/www.atsukomatano.fr\/concept\/"},"modified":"2025-10-03T13:30:36","modified_gmt":"2025-10-03T11:30:36","slug":"concept","status":"publish","type":"page","link":"https:\/\/www.atsukomatano.fr\/en\/concept\/","title":{"rendered":"Concept"},"content":{"rendered":"\n\n\t<section class=\"section concept-custom-section2\" id=\"section_403887347\">\n\t\t<div class=\"section-bg fill\" >\n\t\t\t\t\t\t\t\t\t\n\t\t\t\n\n\t\t<\/div>\n\n\t\t\n\n\t\t<div class=\"section-content relative\">\n\t\t\t\n\n<div class=\"row\" style=\"max-width:\" id=\"row-2094510324\">\n\n\n\t<div id=\"col-1519739255\" class=\"col medium-6 small-12 large-6\"  >\n\t\t\t\t<div class=\"col-inner dark\" style=\"background-color:rgba(0, 0, 0, 0.7);\" >\n\t\t\t\n\t\t\t\n\n<div class=\"row\"  id=\"row-602778548\">\n\n\n\t<div id=\"col-423576009\" class=\"col small-12 large-12\"  >\n\t\t\t\t<div class=\"col-inner\"  >\n\t\t\t\n\t\t\t\n\n<p class=\"lead\"><span style=\"font-size: 150%;\">My concept\u2026 Feel Happy !<\/span><\/p>\n\n  <div class=\"banner has-hover hide-for-medium\" id=\"banner-463393385\">\n          <div class=\"banner-inner fill\">\n        <div class=\"banner-bg fill\" >\n                                                \n                    <\/div>\n\t\t\n        <div class=\"banner-layers container\">\n            <div class=\"fill banner-link\"><\/div>            \n\n\n        <\/div>\n      <\/div>\n\n            \n<style>\n#banner-463393385 {\n  padding-top: 89px;\n}\n<\/style>\n  <\/div>\n\n\n\n\t\t<\/div>\n\t\t\t\t\t<\/div>\n\n\t\n\n<\/div>\n<p class=\"uxp-align-justify\" style=\"text-align: justify;\"><span style=\"font-size: 110%;\">&#8220;Actuellement, je souhaite de diff\u00e9rentes mani\u00e8res enrichir les modes de vie et rendre la vie plus agr\u00e9able avec les tissus d\u2019int\u00e9rieur.&nbsp;Dans la cuisine et la salle de bains\u2026Pour que les conversations soient anim\u00e9es dans ces pi\u00e8ces.<\/span><\/p>\n<p class=\"uxp-align-justify\" style=\"text-align: justify;\"><span style=\"font-size: 110%;\">Et que des sourires se transmettent toujours d\u2019une personne \u00e0 l\u2019autre. Ce sont l\u00e0 les id\u00e9es qui ont g\u00e9n\u00e9r\u00e9 mes cr\u00e9ations. Quand on me demande ce que je con\u00e7ois, je r\u00e9ponds toujours \u00ab&nbsp;quelque chose qui sert \u00e0 soutenir le mode de vie.&nbsp;<\/span><\/p>\n<p class=\"uxp-align-justify\" style=\"text-align: justify;\"><span style=\"font-size: 110%;\">C\u2019est pourquoi je suis attach\u00e9e aux couleurs qui rendent les gens heureux et aux motifs pleins de sourires.&#8221;<\/span><\/p>\n<p style=\"text-align: right;\"><strong>\u2013 Atsuko Matano<\/strong><\/p>\n<div class=\"row\"  id=\"row-1494377626\">\n\n\n\t<div id=\"col-1541556264\" class=\"col hide-for-medium small-12 large-12\"  >\n\t\t\t\t<div class=\"col-inner\"  >\n\t\t\t\n\t\t\t\n\n\n  <div class=\"banner has-hover\" id=\"banner-1304260049\">\n          <div class=\"banner-inner fill\">\n        <div class=\"banner-bg fill\" >\n                                                \n                    <\/div>\n\t\t\n        <div class=\"banner-layers container\">\n            <div class=\"fill banner-link\"><\/div>            \n\n\n        <\/div>\n      <\/div>\n\n            \n<style>\n#banner-1304260049 {\n  padding-top: 139px;\n}\n<\/style>\n  <\/div>\n\n\n\n\t\t<\/div>\n\t\t\t\t\t<\/div>\n\n\t\n\n<\/div>\n\t<div class=\"img has-hover x md-x lg-x y md-y lg-y\" id=\"image_573788331\">\n\t\t\t\t\t\t\t\t<div class=\"img-inner dark\" >\n\t\t\t<img loading=\"lazy\" decoding=\"async\" width=\"1020\" height=\"98\" src=\"https:\/\/www.atsukomatano.fr\/wp-content\/uploads\/2017\/10\/piano-01.png\" class=\"attachment-large size-large\" alt=\"\" \/>\t\t\t\t\t\t\n\t\t\t\t\t<\/div>\n\t\t\t\t\t\t\t\t\n<style>\n#image_573788331 {\n  width: 100%;\n}\n<\/style>\n\t<\/div>\n\t\n\n\n\t\t<\/div>\n\t\t\t\t\n<style>\n#col-1519739255 > .col-inner {\n  padding: 15px 15px 15px 15px;\n}\n<\/style>\n\t<\/div>\n\n\t\n\n\t<div id=\"col-1315123810\" class=\"col medium-6 small-12 large-6\"  >\n\t\t\t\t<div class=\"col-inner\"  >\n\t\t\t\n\t\t\t\n\n<div class=\"row\"  id=\"row-540022032\">\n\n\n\t<div id=\"col-1565213413\" class=\"col small-12 large-12\"  >\n\t\t\t\t<div class=\"col-inner\"  >\n\t\t\t\n\t\t\t\n\n\t<div class=\"img has-hover x md-x lg-x y md-y lg-y\" id=\"image_1968811624\">\n\t\t\t\t\t\t\t\t<div class=\"img-inner dark\" >\n\t\t\t<img loading=\"lazy\" decoding=\"async\" width=\"534\" height=\"800\" src=\"https:\/\/www.atsukomatano.fr\/wp-content\/uploads\/2017\/10\/atsu-01e381aee382b3e38392e3829ae383bc.png\" class=\"attachment-large size-large\" alt=\"\" \/>\t\t\t\t\t\t\n\t\t\t\t\t<\/div>\n\t\t\t\t\t\t\t\t\n<style>\n#image_1968811624 {\n  width: 100%;\n}\n<\/style>\n\t<\/div>\n\t\n\n\n\t\t<\/div>\n\t\t\t\t\t<\/div>\n\n\t\n\n<\/div>\n\n\t\t<\/div>\n\t\t\t\t\t<\/div>\n\n\t\n\n<\/div>\n<div class=\"container section-title-container\" style=\"margin-bottom:-1px;\"><h3 class=\"section-title section-title-center\"><b aria-hidden=\"true\"><\/b><span class=\"section-title-main\" style=\"font-size:131%;color:rgb(255, 255, 255);\">WHO IS M\u00c9M\u00c9?<\/span><b aria-hidden=\"true\"><\/b><\/h3><\/div>\n\n<div class=\"row row-small align-middle align-center\" style=\"max-width:171%\" id=\"row-805881272\">\n\n\n\t<div id=\"col-2055360011\" class=\"col medium-3 small-12 large-3\"  >\n\t\t\t\t<div class=\"col-inner\"  >\n\t\t\t\n\t\t\t\n\n\t<div class=\"img has-hover x md-x lg-x y md-y lg-y\" id=\"image_957223158\">\n\t\t\t\t<div data-parallax-fade=\"true\" data-parallax=\"1\">\t\t\t\t<div class=\"img-inner dark\" >\n\t\t\t<img loading=\"lazy\" decoding=\"async\" width=\"800\" height=\"800\" src=\"https:\/\/www.atsukomatano.fr\/wp-content\/uploads\/2017\/10\/mm-01.png\" class=\"attachment-large size-large\" alt=\"\" \/>\t\t\t\t\t\t\n\t\t\t\t\t<\/div>\n\t\t\t\t<\/div>\t\t\t\t\n<style>\n#image_957223158 {\n  width: 100%;\n}\n<\/style>\n\t<\/div>\n\t\n\n\n\t\t<\/div>\n\t\t\t\t\t<\/div>\n\n\t\n\n\t<div id=\"col-1165429999\" class=\"col medium-8 small-12 large-8\"  >\n\t\t\t\t<div class=\"col-inner\"  data-parallax-fade=\"true\" data-parallax=\"1\">\n\t\t\t\n\t\t\t\n\n\n  <div class=\"banner has-hover\" id=\"banner-2065425536\">\n          <div class=\"banner-inner fill\">\n        <div class=\"banner-bg fill\" >\n                                                \n                    <\/div>\n\t\t\n        <div class=\"banner-layers container\">\n            <div class=\"fill banner-link\"><\/div>            \n\n   <div id=\"text-box-151718619\" class=\"text-box banner-layer x50 md-x50 lg-x50 y0 md-y50 lg-y50 res-text\">\n                                <div class=\"text-box-content text dark\">\n              \n              <div class=\"text-inner text-center\">\n                  \n\nM\u00e9m\u00e9, the mascot of ATSUKO MATANO, is a little cat with big round eyes (&#8216;m\u00e9&#8217; means &#8216;eye&#8217; in Japanese) who appears everywhere \u2014 on bath towels, kitchen linens, fashion accessories, and tableware!\n\n              <\/div>\n           <\/div>\n                            \n<style>\n#text-box-151718619 {\n  width: 100%;\n}\n#text-box-151718619 .text-box-content {\n  font-size: 133%;\n}\n<\/style>\n    <\/div>\n \n\n        <\/div>\n      <\/div>\n\n            \n<style>\n#banner-2065425536 {\n  padding-top: 276px;\n}\n<\/style>\n  <\/div>\n\n\n\n\t\t<\/div>\n\t\t\t\t\n<style>\n#col-1165429999 > .col-inner {\n  padding: 0px 0px 0px 0px;\n  margin: 0 0px 0px 0px;\n}\n<\/style>\n\t<\/div>\n\n\t\n\n<\/div>\n\n\t\t<\/div>\n\n\t\t\n<style>\n#section_403887347 {\n  padding-top: 42px;\n  padding-bottom: 42px;\n  background-color: rgb(0, 0, 0);\n}\n@media (min-width:850px) {\n  #section_403887347 {\n    padding-top: 60px;\n    padding-bottom: 60px;\n  }\n}\n<\/style>\n\t<\/section>\n\t\n\n\t<section class=\"section\" id=\"section_402506610\">\n\t\t<div class=\"section-bg fill\" >\n\t\t\t\t\t\t\t\t\t\n\t\t\t\n\n\t\t<\/div>\n\n\t\t\n\n\t\t<div class=\"section-content relative\">\n\t\t\t\n\n<div class=\"row\"  id=\"row-1329403561\">\n\n\n\t<div id=\"col-50185628\" class=\"col medium-8 small-12 large-8\"  >\n\t\t\t\t<div class=\"col-inner\"  >\n\t\t\t\n\t\t\t\n\n\t<div id=\"text-3935296278\" class=\"text\">\n\t\t\n\n<strong><span style=\"color: #ffffff;\">Atsuko Matano is a multi-talented Japanese artist \u2014 designer, illustrator, and writer \u2014 widely recognized and loved by many fans!<\/span><\/strong>\r\n\r\n<strong><span style=\"color: #ffffff;\">She began her career in 1979 as a designer for the gift shop Pandora\u2019s Box. Six years later, in 1985, she founded La Merise, where she developed her unique signature style. Around the same time, she also started writing novels. In 1986, she launched the Atsuko Matano brand while continuing to work as a designer for various other brands.<\/span><\/strong>\r\n\r\n<strong><span style=\"color: #ffffff;\">In 2000, she took the lead in opening the first Towel Museum, which highlights the art of the Japanese towel. Alongside this, she continued writing novels with a playful, childlike universe. In recent years, she has also worked on stage productions that combine visual art and music. Her simple and beautiful vision of the world makes her a truly unique artist!<\/span><\/strong>\r\n\r\n<strong><span style=\"color: #ffffff;\">Atsuko Matano opened her first store outside of Asia in Paris in September 2014. Today, through the French company YLLO SARL, her products are sold both at retail and wholesale. You can find her creations in various shops across France and in other European countries such as Germany, Austria, the Netherlands, Italy, Estonia, and the United Kingdom.<\/span><\/strong>\n\t\t\n<style>\n#text-3935296278 {\n  color: rgb(255, 255, 255);\n}\n#text-3935296278 > * {\n  color: rgb(255, 255, 255);\n}\n<\/style>\n\t<\/div>\n\t\n\n\t\t<\/div>\n\t\t\t\t\t<\/div>\n\n\t\n\n\t<div id=\"col-921417623\" class=\"col hide-for-small medium-4 small-12 large-4\"  >\n\t\t\t\t<div class=\"col-inner\"  >\n\t\t\t\n\t\t\t\n\n\n\t\t<\/div>\n\t\t\t\t\t<\/div>\n\n\t\n\n<\/div>\n\n\t\t<\/div>\n\n\t\t\n<style>\n#section_402506610 {\n  padding-top: 30px;\n  padding-bottom: 30px;\n  background-color: rgb(0,0,0);\n}\n<\/style>\n\t<\/section>\n\t\n\n\t<section class=\"section\" id=\"section_126760954\">\n\t\t<div class=\"section-bg fill\" >\n\t\t\t\t\t\t\t\t\t\n\t\t\t\n\n\t\t<\/div>\n\n\t\t\n\n\t\t<div class=\"section-content relative\">\n\t\t\t\n\n<p style=\"text-align: center;\"><span style=\"font-size: 120%; color: #ffffff;\">ATSUKO MATANO&#8217;s world<\/span><\/p>\n<div class=\"row\"  id=\"row-820536415\">\n\n\n\t<div id=\"col-293607511\" class=\"col medium-6 small-12 large-6\"  >\n\t\t\t\t<div class=\"col-inner\"  >\n\t\t\t\n\t\t\t\n\n<div class=\"video video-fit mb\" style=\"padding-top:56.25%;\"><iframe loading=\"lazy\" title=\"Atsuko Matano \u4f5c\u54c1\u96c6Vol.1\" width=\"1020\" height=\"574\" src=\"https:\/\/www.youtube.com\/embed\/1g0HXglaAoU?feature=oembed\" frameborder=\"0\" allow=\"accelerometer; autoplay; clipboard-write; encrypted-media; gyroscope; picture-in-picture; web-share\" allowfullscreen><\/iframe><\/div>\n\n\n\t\t<\/div>\n\t\t\t\t\t<\/div>\n\n\t\n\n\t<div id=\"col-1923318823\" class=\"col medium-6 small-12 large-6\"  >\n\t\t\t\t<div class=\"col-inner\"  >\n\t\t\t\n\t\t\t\n\n<div class=\"video video-fit mb\" style=\"padding-top:56.25%;\"><p><iframe loading=\"lazy\" title=\"Atsuko Matano \u4f5c\u54c1\u96c6\u3000Vol.2\" width=\"1020\" height=\"574\" src=\"https:\/\/www.youtube.com\/embed\/GyvS6z-Hu3w?feature=oembed\" frameborder=\"0\" allow=\"accelerometer; autoplay; clipboard-write; encrypted-media; gyroscope; picture-in-picture; web-share\" allowfullscreen><\/iframe><\/p>\n<\/div>\n\n\n\t\t<\/div>\n\t\t\t\t\t<\/div>\n\n\t\n\n<\/div>\n\n\t\t<\/div>\n\n\t\t\n<style>\n#section_126760954 {\n  padding-top: 30px;\n  padding-bottom: 30px;\n  background-color: rgb(0, 0, 0);\n}\n<\/style>\n\t<\/section>\n\t\n\n\t<section class=\"section\" id=\"section_1237679224\">\n\t\t<div class=\"section-bg fill\" >\n\t\t\t\t\t\t\t\t\t\n\t\t\t\n\n\t\t<\/div>\n\n\t\t\n\n\t\t<div class=\"section-content relative\">\n\t\t\t\n\n<div class=\"social-icons follow-icons full-width text-center\" style=\"font-size:121%\"><a href=\"https:\/\/www.facebook.com\/Atsuko-Matano-Paris-547593248584100\/\" target=\"_blank\" data-label=\"Facebook\" class=\"icon button circle is-outline tooltip facebook\" title=\"Follow on Facebook\" aria-label=\"Follow on Facebook\" rel=\"noopener nofollow\"><i class=\"icon-facebook\" aria-hidden=\"true\"><\/i><\/a><a href=\"https:\/\/www.instagram.com\/atsukomatano_paris_meme\/\" target=\"_blank\" data-label=\"Instagram\" class=\"icon button circle is-outline tooltip instagram\" title=\"Follow on Instagram\" aria-label=\"Follow on Instagram\" rel=\"noopener nofollow\"><i class=\"icon-instagram\" aria-hidden=\"true\"><\/i><\/a><\/div>\n\n\n\t\t<\/div>\n\n\t\t\n<style>\n#section_1237679224 {\n  padding-top: 10px;\n  padding-bottom: 10px;\n  background-color: #000000;\n}\n<\/style>\n\t<\/section>\n\t\n\n","protected":false},"excerpt":{"rendered":"","protected":false},"author":3,"featured_media":0,"parent":0,"menu_order":2,"comment_status":"closed","ping_status":"closed","template":"page-blank.php","meta":{"footnotes":""},"class_list":["post-18869","page","type-page","status-publish","hentry"],"yoast_head":"<!-- This site is optimized with the Yoast SEO plugin v27.1.1 - https:\/\/yoast.com\/product\/yoast-seo-wordpress\/ -->\n<title>Concept - Atsuko Matano Paris<\/title>\n<meta name=\"robots\" content=\"index, follow, max-snippet:-1, max-image-preview:large, max-video-preview:-1\" \/>\n<link rel=\"canonical\" href=\"https:\/\/www.atsukomatano.fr\/concept\/\" \/>\n<meta property=\"og:locale\" content=\"en_US\" \/>\n<meta property=\"og:type\" content=\"article\" \/>\n<meta property=\"og:title\" content=\"Concept - Atsuko Matano Paris\" \/>\n<meta property=\"og:url\" content=\"https:\/\/www.atsukomatano.fr\/concept\/\" \/>\n<meta property=\"og:site_name\" content=\"Atsuko Matano Paris\" \/>\n<meta property=\"article:publisher\" content=\"https:\/\/www.facebook.com\/Atsuko-Matano-Paris-547593248584100\/\" \/>\n<meta property=\"article:modified_time\" content=\"2025-10-03T11:30:36+00:00\" \/>\n<meta name=\"twitter:card\" content=\"summary_large_image\" \/>\n<meta name=\"twitter:label1\" content=\"Est. reading time\" \/>\n\t<meta name=\"twitter:data1\" content=\"3 minutes\" \/>\n<script type=\"application\/ld+json\" class=\"yoast-schema-graph\">{\"@context\":\"https:\/\/schema.org\",\"@graph\":[{\"@type\":\"WebPage\",\"@id\":\"https:\/\/www.atsukomatano.fr\/concept\/\",\"url\":\"https:\/\/www.atsukomatano.fr\/concept\/\",\"name\":\"Concept - Atsuko Matano Paris\",\"isPartOf\":{\"@id\":\"https:\/\/www.atsukomatano.fr\/#website\"},\"datePublished\":\"2023-06-09T14:10:14+00:00\",\"dateModified\":\"2025-10-03T11:30:36+00:00\",\"breadcrumb\":{\"@id\":\"https:\/\/www.atsukomatano.fr\/concept\/#breadcrumb\"},\"inLanguage\":\"en-US\",\"potentialAction\":[{\"@type\":\"ReadAction\",\"target\":[\"https:\/\/www.atsukomatano.fr\/concept\/\"]}]},{\"@type\":\"BreadcrumbList\",\"@id\":\"https:\/\/www.atsukomatano.fr\/concept\/#breadcrumb\",\"itemListElement\":[{\"@type\":\"ListItem\",\"position\":1,\"name\":\"Accueil\",\"item\":\"https:\/\/www.atsukomatano.fr\/en\/\"},{\"@type\":\"ListItem\",\"position\":2,\"name\":\"Concept\"}]},{\"@type\":\"WebSite\",\"@id\":\"https:\/\/www.atsukomatano.fr\/#website\",\"url\":\"https:\/\/www.atsukomatano.fr\/\",\"name\":\"Atsuko Matano Paris\",\"description\":\"Atsuko Matano Paris\",\"publisher\":{\"@id\":\"https:\/\/www.atsukomatano.fr\/#organization\"},\"potentialAction\":[{\"@type\":\"SearchAction\",\"target\":{\"@type\":\"EntryPoint\",\"urlTemplate\":\"https:\/\/www.atsukomatano.fr\/?s={search_term_string}\"},\"query-input\":{\"@type\":\"PropertyValueSpecification\",\"valueRequired\":true,\"valueName\":\"search_term_string\"}}],\"inLanguage\":\"en-US\"},{\"@type\":\"Organization\",\"@id\":\"https:\/\/www.atsukomatano.fr\/#organization\",\"name\":\"ATSUKO MATANO Paris by yllo\",\"url\":\"https:\/\/www.atsukomatano.fr\/\",\"logo\":{\"@type\":\"ImageObject\",\"inLanguage\":\"en-US\",\"@id\":\"https:\/\/www.atsukomatano.fr\/#\/schema\/logo\/image\/\",\"url\":\"\",\"contentUrl\":\"\",\"caption\":\"ATSUKO MATANO Paris by yllo\"},\"image\":{\"@id\":\"https:\/\/www.atsukomatano.fr\/#\/schema\/logo\/image\/\"},\"sameAs\":[\"https:\/\/www.facebook.com\/Atsuko-Matano-Paris-547593248584100\/\",\"https:\/\/www.instagram.com\/atsukomatano_paris_meme\/\"]}]}<\/script>\n<!-- \/ Yoast SEO plugin. -->","yoast_head_json":{"title":"Concept - Atsuko Matano Paris","robots":{"index":"index","follow":"follow","max-snippet":"max-snippet:-1","max-image-preview":"max-image-preview:large","max-video-preview":"max-video-preview:-1"},"canonical":"https:\/\/www.atsukomatano.fr\/concept\/","og_locale":"en_US","og_type":"article","og_title":"Concept - Atsuko Matano Paris","og_url":"https:\/\/www.atsukomatano.fr\/concept\/","og_site_name":"Atsuko Matano Paris","article_publisher":"https:\/\/www.facebook.com\/Atsuko-Matano-Paris-547593248584100\/","article_modified_time":"2025-10-03T11:30:36+00:00","twitter_card":"summary_large_image","twitter_misc":{"Est. reading time":"3 minutes"},"schema":{"@context":"https:\/\/schema.org","@graph":[{"@type":"WebPage","@id":"https:\/\/www.atsukomatano.fr\/concept\/","url":"https:\/\/www.atsukomatano.fr\/concept\/","name":"Concept - Atsuko Matano Paris","isPartOf":{"@id":"https:\/\/www.atsukomatano.fr\/#website"},"datePublished":"2023-06-09T14:10:14+00:00","dateModified":"2025-10-03T11:30:36+00:00","breadcrumb":{"@id":"https:\/\/www.atsukomatano.fr\/concept\/#breadcrumb"},"inLanguage":"en-US","potentialAction":[{"@type":"ReadAction","target":["https:\/\/www.atsukomatano.fr\/concept\/"]}]},{"@type":"BreadcrumbList","@id":"https:\/\/www.atsukomatano.fr\/concept\/#breadcrumb","itemListElement":[{"@type":"ListItem","position":1,"name":"Accueil","item":"https:\/\/www.atsukomatano.fr\/en\/"},{"@type":"ListItem","position":2,"name":"Concept"}]},{"@type":"WebSite","@id":"https:\/\/www.atsukomatano.fr\/#website","url":"https:\/\/www.atsukomatano.fr\/","name":"Atsuko Matano Paris","description":"Atsuko Matano Paris","publisher":{"@id":"https:\/\/www.atsukomatano.fr\/#organization"},"potentialAction":[{"@type":"SearchAction","target":{"@type":"EntryPoint","urlTemplate":"https:\/\/www.atsukomatano.fr\/?s={search_term_string}"},"query-input":{"@type":"PropertyValueSpecification","valueRequired":true,"valueName":"search_term_string"}}],"inLanguage":"en-US"},{"@type":"Organization","@id":"https:\/\/www.atsukomatano.fr\/#organization","name":"ATSUKO MATANO Paris by yllo","url":"https:\/\/www.atsukomatano.fr\/","logo":{"@type":"ImageObject","inLanguage":"en-US","@id":"https:\/\/www.atsukomatano.fr\/#\/schema\/logo\/image\/","url":"","contentUrl":"","caption":"ATSUKO MATANO Paris by yllo"},"image":{"@id":"https:\/\/www.atsukomatano.fr\/#\/schema\/logo\/image\/"},"sameAs":["https:\/\/www.facebook.com\/Atsuko-Matano-Paris-547593248584100\/","https:\/\/www.instagram.com\/atsukomatano_paris_meme\/"]}]}},"_links":{"self":[{"href":"https:\/\/www.atsukomatano.fr\/en\/wp-json\/wp\/v2\/pages\/18869","targetHints":{"allow":["GET"]}}],"collection":[{"href":"https:\/\/www.atsukomatano.fr\/en\/wp-json\/wp\/v2\/pages"}],"about":[{"href":"https:\/\/www.atsukomatano.fr\/en\/wp-json\/wp\/v2\/types\/page"}],"author":[{"embeddable":true,"href":"https:\/\/www.atsukomatano.fr\/en\/wp-json\/wp\/v2\/users\/3"}],"replies":[{"embeddable":true,"href":"https:\/\/www.atsukomatano.fr\/en\/wp-json\/wp\/v2\/comments?post=18869"}],"version-history":[{"count":6,"href":"https:\/\/www.atsukomatano.fr\/en\/wp-json\/wp\/v2\/pages\/18869\/revisions"}],"predecessor-version":[{"id":36808,"href":"https:\/\/www.atsukomatano.fr\/en\/wp-json\/wp\/v2\/pages\/18869\/revisions\/36808"}],"wp:attachment":[{"href":"https:\/\/www.atsukomatano.fr\/en\/wp-json\/wp\/v2\/media?parent=18869"}],"curies":[{"name":"wp","href":"https:\/\/api.w.org\/{rel}","templated":true}]}}